{"id":13,"date":"2025-01-28T18:10:32","date_gmt":"2025-01-28T18:10:32","guid":{"rendered":"https:\/\/uzeidigital.com.br\/teste\/minha-conta\/"},"modified":"2025-01-30T15:53:17","modified_gmt":"2025-01-30T15:53:17","slug":"minha-conta","status":"publish","type":"page","link":"https:\/\/uzeidigital.com.br\/teste\/minha-conta\/","title":{"rendered":"Minha conta"},"content":{"rendered":"\t\t<div data-elementor-type=\"wp-page\" data-elementor-id=\"13\" class=\"elementor elementor-13\" data-elementor-post-type=\"page\">\n\t\t\t\t<div class=\"elementor-element elementor-element-062da96 e-flex e-con-boxed e-con e-parent\" data-id=\"062da96\" data-element_type=\"container\">\n\t\t\t\t\t<div class=\"e-con-inner\">\n\t\t\t\t<div class=\"elementor-element elementor-element-bb9cbe9 e-my-account-tabs-vertical elementor-widget elementor-widget-woocommerce-my-account\" data-id=\"bb9cbe9\" data-element_type=\"widget\" data-widget_type=\"woocommerce-my-account.default\">\n\t\t\t\t<div class=\"elementor-widget-container\">\n\t\t\t\t\t<div class=\"e-my-account-tab e-my-account-tab__ \">\t\t\t<div class=\"woocommerce\"><\/div>\t\t<\/div>\n\t\t\t\t\t\t<\/div>\n\t\t\t\t<\/div>\n\t\t\t\t\t<\/div>\n\t\t\t\t<\/div>\n\t\t\t\t<\/div>\n\t\t","protected":false},"excerpt":{"rendered":"<p>Painel de controle Pedidos Downloads Endere\u00e7o Detalhes da compra Sair Ol\u00e1, kauany (n\u00e3o \u00e9 kauany? Sair) A partir do painel de controle de sua conta, voc\u00ea pode ver suas compras recentes, gerenciar seus endere\u00e7os de entrega e faturamento, e editar sua senha e detalhes da conta.<\/p>\n","protected":false},"author":1,"featured_media":0,"parent":0,"menu_order":0,"comment_status":"closed","ping_status":"closed","template":"elementor_header_footer","meta":{"footnotes":""},"class_list":["post-13","page","type-page","status-publish","hentry"],"_links":{"self":[{"href":"https:\/\/uzeidigital.com.br\/teste\/wp-json\/wp\/v2\/pages\/13","targetHints":{"allow":["GET"]}}],"collection":[{"href":"https:\/\/uzeidigital.com.br\/teste\/wp-json\/wp\/v2\/pages"}],"about":[{"href":"https:\/\/uzeidigital.com.br\/teste\/wp-json\/wp\/v2\/types\/page"}],"author":[{"embeddable":true,"href":"https:\/\/uzeidigital.com.br\/teste\/wp-json\/wp\/v2\/users\/1"}],"replies":[{"embeddable":true,"href":"https:\/\/uzeidigital.com.br\/teste\/wp-json\/wp\/v2\/comments?post=13"}],"version-history":[{"count":33,"href":"https:\/\/uzeidigital.com.br\/teste\/wp-json\/wp\/v2\/pages\/13\/revisions"}],"predecessor-version":[{"id":563,"href":"https:\/\/uzeidigital.com.br\/teste\/wp-json\/wp\/v2\/pages\/13\/revisions\/563"}],"wp:attachment":[{"href":"https:\/\/uzeidigital.com.br\/teste\/wp-json\/wp\/v2\/media?parent=13"}],"curies":[{"name":"wp","href":"https:\/\/api.w.org\/{rel}","templated":true}]}}