{"id":581,"date":"2025-01-30T16:27:23","date_gmt":"2025-01-30T16:27:23","guid":{"rendered":"https:\/\/uzeidigital.com.br\/teste\/?post_type=product&#038;p=581"},"modified":"2025-01-30T18:07:43","modified_gmt":"2025-01-30T18:07:43","slug":"abridor-de-garrafas-automatico","status":"publish","type":"product","link":"https:\/\/uzeidigital.com.br\/teste\/produto\/abridor-de-garrafas-automatico\/","title":{"rendered":"Abridor de garrafas Autom\u00e1tico"},"content":{"rendered":"<p>Abridor de vinho el\u00e9trico autom\u00e1tico saca-rolhas criativo abridor de garrafa de vinho com led para barra uso dom\u00e9stico acess\u00f3rios barra<br \/>\nCaracter\u00edsticas:<\/p>\n<p>1. design elegante: a janela \u00fanica visualiza todo o processo de remo\u00e7\u00e3o de corti\u00e7a. Um abridor de carta \u00e9 inclu\u00eddo para remover facilmente a gaxeta.<br \/>\n2. f\u00e1cil de usar: opera\u00e7\u00e3o de bot\u00e3o simples, pressione \u201cbot\u00e3o para baixo\u201d para remover a corti\u00e7a da garrafa, pressione \u201cbot\u00e3o para cima\u201d para remover a corti\u00e7a do saca-rolhas.<br \/>\n3. economia de trabalho: com sentimentos de m\u00e3o confort\u00e1veis, pode suportar o uso dos muitos tempos, est\u00e1vel e confi\u00e1vel, resistente ao desgaste e economia de esfor\u00e7o.<br \/>\n4. luz do diodo emissor de luz: quando a garrafa \u00e9 aberta, a luz vermelha do diodo emissor de luz acende-se, que \u00e9 muito bonita com o corpo fresco de todo o preto.<br \/>\n5. melhor presente para os amantes do vinho: o saca-rolhas pode ser o presente perfeito para o natal, anivers\u00e1rio, a\u00e7\u00e3o de gra\u00e7as, anivers\u00e1rio, dia dos namorados, gradua\u00e7\u00e3o e outras ocasi\u00f5es.<\/p>\n<p><strong>Descri\u00e7\u00e3o:<\/strong><\/p>\n<p>Este saca-rolhas usa material abs de alta qualidade, que se sente bem ao toque, e tem boa qualidade e n\u00e3o \u00e9 facilmente danificado.<br \/>\nEspecifica\u00e7\u00f5es:<br \/>\nCor: Preto<br \/>\nFonte de alimenta\u00e7\u00e3o: bateria (n\u00e3o inclu\u00edda)<br \/>\nTamanho: 215*48mm<br \/>\nTipo: Abridores<br \/>\nAplica\u00e7\u00e3o: casa, barra, festa<\/p>\n<p>Pacote Inclui:<\/p>\n<p>1 * Abridor de garrafas<br \/>\nNotas:<br \/>\n1. permita um erro de 0-1 polegada devido \u00e0 medi\u00e7\u00e3o manual. Obrigado por sua compreens\u00e3o.<br \/>\n2. os monitores n\u00e3o s\u00e3o calibrados da mesma forma, a cor do item exibida nas fotos pode estar mostrando um pouco diferente do objeto real.<\/p>\n","protected":false},"excerpt":{"rendered":"<p>Abridor de vinho el\u00e9trico autom\u00e1tico saca-rolhas criativo abridor de garrafa de vinho com led para barra uso dom\u00e9stico acess\u00f3rios barra Caracter\u00edsticas: 1. design elegante: a janela \u00fanica visualiza todo o processo de remo\u00e7\u00e3o de corti\u00e7a. Um abridor de carta \u00e9 inclu\u00eddo para remover facilmente a gaxeta. 2. f\u00e1cil de usar: opera\u00e7\u00e3o de bot\u00e3o simples, pressione [&hellip;]<\/p>\n","protected":false},"featured_media":584,"comment_status":"open","ping_status":"closed","template":"","meta":[],"product_brand":[],"product_cat":[16,38],"product_tag":[],"class_list":{"0":"post-581","1":"product","2":"type-product","3":"status-publish","4":"has-post-thumbnail","6":"product_cat-sem-categoria","7":"product_cat-casa","9":"first","10":"instock","11":"sale","12":"shipping-taxable","13":"purchasable","14":"product-type-simple"},"_links":{"self":[{"href":"https:\/\/uzeidigital.com.br\/teste\/wp-json\/wp\/v2\/product\/581","targetHints":{"allow":["GET"]}}],"collection":[{"href":"https:\/\/uzeidigital.com.br\/teste\/wp-json\/wp\/v2\/product"}],"about":[{"href":"https:\/\/uzeidigital.com.br\/teste\/wp-json\/wp\/v2\/types\/product"}],"replies":[{"embeddable":true,"href":"https:\/\/uzeidigital.com.br\/teste\/wp-json\/wp\/v2\/comments?post=581"}],"wp:featuredmedia":[{"embeddable":true,"href":"https:\/\/uzeidigital.com.br\/teste\/wp-json\/wp\/v2\/media\/584"}],"wp:attachment":[{"href":"https:\/\/uzeidigital.com.br\/teste\/wp-json\/wp\/v2\/media?parent=581"}],"wp:term":[{"taxonomy":"product_brand","embeddable":true,"href":"https:\/\/uzeidigital.com.br\/teste\/wp-json\/wp\/v2\/product_brand?post=581"},{"taxonomy":"product_cat","embeddable":true,"href":"https:\/\/uzeidigital.com.br\/teste\/wp-json\/wp\/v2\/product_cat?post=581"},{"taxonomy":"product_tag","embeddable":true,"href":"https:\/\/uzeidigital.com.br\/teste\/wp-json\/wp\/v2\/product_tag?post=581"}],"curies":[{"name":"wp","href":"https:\/\/api.w.org\/{rel}","templated":true}]}}