{"id":586,"date":"2025-01-30T18:11:08","date_gmt":"2025-01-30T18:11:08","guid":{"rendered":"https:\/\/uzeidigital.com.br\/teste\/?post_type=product&#038;p=586"},"modified":"2025-01-30T18:14:48","modified_gmt":"2025-01-30T18:14:48","slug":"fone-ouvido-bluetooh-erdots-altomex-gamer","status":"publish","type":"product","link":"https:\/\/uzeidigital.com.br\/teste\/produto\/fone-ouvido-bluetooh-erdots-altomex-gamer\/","title":{"rendered":"Fone Ouvido Bluetooh Erdots Altomex Gamer"},"content":{"rendered":"<div id=\"descricao\" class=\"elementor-element elementor-element-1bbbd74 elementor-widget elementor-widget-heading\" data-id=\"1bbbd74\" data-element_type=\"widget\" data-widget_type=\"heading.default\">\n<div class=\"elementor-widget-container\">\n<h2 class=\"elementor-heading-title elementor-size-default\">Descri\u00e7\u00e3o<\/h2>\n<\/div>\n<\/div>\n<div class=\"elementor-element elementor-element-f5d7093 elementor-widget elementor-widget-woocommerce-product-content\" data-id=\"f5d7093\" data-element_type=\"widget\" data-widget_type=\"woocommerce-product-content.default\">\n<div class=\"elementor-widget-container\">\n<p>Fone Ouvido Bluetooh Erdots Altomex Gamer N\u00e3o Cai Da Orelha Cor Preto ou Branco Cor da luz Verde<\/p>\n<p>Experimente a adrenalina de mergulhar na cena de outra maneira! Ter fones de ouvido espec\u00edficos para jogos muda completamente sua experi\u00eancia. Com os Altomex Foninho Fones headphone infantil phone airdots Xiaomin TWS Tipo, voc\u00ea n\u00e3o perde nenhum detalhe e ouve o \u00e1udio como ele foi pensado pelos criadores.<\/p>\n<p>O formato perfeito para voc\u00ea<br \/>\nAo ser in-ear, melhoram a qualidade do \u00e1udio e s\u00e3o de tamanho pequeno para que possam ser inseridos em sua orelha. Eles s\u00e3o ideais para acompanhar voc\u00ea quando se exercita enquanto se adentra no melhor som envolvente.<\/p>\n<\/div>\n<\/div>\n","protected":false},"excerpt":{"rendered":"<p>Descri\u00e7\u00e3o Fone Ouvido Bluetooh Erdots Altomex Gamer N\u00e3o Cai Da Orelha Cor Preto ou Branco Cor da luz Verde Experimente a adrenalina de mergulhar na cena de outra maneira! Ter fones de ouvido espec\u00edficos para jogos muda completamente sua experi\u00eancia. Com os Altomex Foninho Fones headphone infantil phone airdots Xiaomin TWS Tipo, voc\u00ea n\u00e3o perde [&hellip;]<\/p>\n","protected":false},"featured_media":587,"comment_status":"open","ping_status":"closed","template":"","meta":[],"product_brand":[],"product_cat":[16,17],"product_tag":[],"class_list":{"0":"post-586","1":"product","2":"type-product","3":"status-publish","4":"has-post-thumbnail","6":"product_cat-sem-categoria","7":"product_cat-fone-de-ouvido","9":"first","10":"instock","11":"shipping-taxable","12":"purchasable","13":"product-type-simple"},"_links":{"self":[{"href":"https:\/\/uzeidigital.com.br\/teste\/wp-json\/wp\/v2\/product\/586","targetHints":{"allow":["GET"]}}],"collection":[{"href":"https:\/\/uzeidigital.com.br\/teste\/wp-json\/wp\/v2\/product"}],"about":[{"href":"https:\/\/uzeidigital.com.br\/teste\/wp-json\/wp\/v2\/types\/product"}],"replies":[{"embeddable":true,"href":"https:\/\/uzeidigital.com.br\/teste\/wp-json\/wp\/v2\/comments?post=586"}],"wp:featuredmedia":[{"embeddable":true,"href":"https:\/\/uzeidigital.com.br\/teste\/wp-json\/wp\/v2\/media\/587"}],"wp:attachment":[{"href":"https:\/\/uzeidigital.com.br\/teste\/wp-json\/wp\/v2\/media?parent=586"}],"wp:term":[{"taxonomy":"product_brand","embeddable":true,"href":"https:\/\/uzeidigital.com.br\/teste\/wp-json\/wp\/v2\/product_brand?post=586"},{"taxonomy":"product_cat","embeddable":true,"href":"https:\/\/uzeidigital.com.br\/teste\/wp-json\/wp\/v2\/product_cat?post=586"},{"taxonomy":"product_tag","embeddable":true,"href":"https:\/\/uzeidigital.com.br\/teste\/wp-json\/wp\/v2\/product_tag?post=586"}],"curies":[{"name":"wp","href":"https:\/\/api.w.org\/{rel}","templated":true}]}}