{"id":594,"date":"2025-01-30T18:21:24","date_gmt":"2025-01-30T18:21:24","guid":{"rendered":"https:\/\/uzeidigital.com.br\/teste\/?post_type=product&#038;p=594"},"modified":"2025-01-30T18:23:32","modified_gmt":"2025-01-30T18:23:32","slug":"relogio-champion-smartwatch-bluetooth-4-0-preto-inteligente","status":"publish","type":"product","link":"https:\/\/uzeidigital.com.br\/teste\/produto\/relogio-champion-smartwatch-bluetooth-4-0-preto-inteligente\/","title":{"rendered":"Rel\u00f3gio Champion Smartwatch Bluetooth 4.0 Preto Inteligente"},"content":{"rendered":"<p>FUN\u00c7\u00d5ES:<\/p>\n<p>\u2022 Liga\u00e7\u00f5es Telef\u00f4nicas: O Champion Smartwatch te avisa quando estiver recebendo uma liga\u00e7\u00e3o e mostra no seu visor o n\u00famero de quem est\u00e1 ligando para voc\u00ea.<\/p>\n<p>\u2022 E-mail\/Redes Sociais: Receba notifica\u00e7\u00f5es de mensagens do seu e-mail, Facebook, Instagram, Twitter e WhatsApp diretamente no visor do seu Champion Smartwatch.<\/p>\n<p>\u2022 Marcador de Passos\/Ped\u00f4metro: Visualize e at\u00e9 mesmo defina sua meta de passos por dia.<\/p>\n<p>\u2022 Contador de Calorias\/Controle kCal: Saiba quantas calorias voc\u00ea perdeu em cada atividade realizada.<\/p>\n<p>\u2022 Medidor de Dist\u00e2ncia: Visualize rapidamente no visor quantos metros ou quil\u00f4metros voc\u00ea j\u00e1 percorreu.<\/p>\n<p>\u2022 Medidor de Press\u00e3o Arterial\/Health Control: Com o Champion Smartwatch voc\u00ea pode medir e at\u00e9 mesmo monitorar automaticamente sua Press\u00e3o Arterial a cada 10 minutos.<\/p>\n<p>\u2022 Medidor de Frequ\u00eancia Card\u00edaca\/Health Control: Acompanhe seus Batimentos Card\u00edacos por minuto.<\/p>\n<p>\u2022 Disparador Remoto de C\u00e2mera\/Camera Control: Use o Champion Smartwatch como disparador de fotos a dist\u00e2ncia. Basta apertar um bot\u00e3o ou simplesmente agit\u00e1-lo no seu pulso.<\/p>\n<p>\u2022 Medidor de Sono\/Monitor Sono: Visualize a dura\u00e7\u00e3o do seu sono (profundo e leve) e sua qualidade.<\/p>\n<p>\u2022 Localizador de Celular: D\u00ea um comando no Champion Smartwatch e fa\u00e7a seu celular perdido tocar.<\/p>\n<p>\u2022 Mulher\/Ciclo Menstrual: Acompanhe aproximadamente o per\u00edodo menstrual, de seguran\u00e7a e de ovula\u00e7\u00e3o, al\u00e9m da data do nascimento do beb\u00ea e o estado fisiol\u00f3gico da mam\u00e3e no per\u00edodo p\u00f3s-parto.<\/p>\n<p>\u2022 Cron\u00f4metro e Timer: Me\u00e7a o tempo ou utilize a contagem regressiva em qualquer situa\u00e7\u00e3o do dia a dia.<\/p>\n<p>\u2022 Alarme: Utilize o Champion Smartwatch como despertador ou configure lembretes para n\u00e3o esquecer de nenhum compromisso.<\/p>\n<p>\u2022 Visualiza\u00e7\u00e3o da Bateria: Veja o n\u00edvel de carga da bateria atrav\u00e9s de \u00edcone e porcentagem.<\/p>\n<p>CONTE\u00daDO DA EMBALAGEM:<\/p>\n<p>\u2022 O rel\u00f3gio \u00e9 enviado na Caixa Original, com Nota Fiscal, Certificado de Garantia e Manual de Instru\u00e7\u00e3o.<\/p>\n<p>\u2022 1 ano de garantia direto com o fabricante.<\/p>\n<p>VANTAGENS E BENEF\u00cdCIOS:<\/p>\n<p>\u2022 Champion Smartwatch oferece a melhor combina\u00e7\u00e3o de design moderno e tecnologia atual.<\/p>\n<p>\u2022 Tem processador de alto desempenho, caixa dur\u00e1vel e sofisticada na cor preta e uma incr\u00edvel pulseira de silicone que garante total conforto no seu pulso e que podem ser trocadas de acordo com a sua vontade.<\/p>\n<p>\u2022 Champion Smartwatch vem com in\u00fameras fun\u00e7\u00f5es inteligentes para facilitar o seu dia a dia. Ideal para pr\u00e1ticas esportivas ou para quem precisa monitorar informa\u00e7\u00f5es importantes como medidor de dist\u00e2ncia, contador de passos ou frequ\u00eancia card\u00edaca, por exemplo. O Champion Smartwatch ajuda at\u00e9 a localizar o seu celular.<\/p>\n<p>\u2022 Baixe o APP Champion Smart no Google Play ou App Store e habilite todas as fun\u00e7\u00f5es como notifica\u00e7\u00f5es de redes sociais e e-mails.<\/p>\n<p>\u2022 Deixe sua vida mais smart com Champion!<\/p>\n","protected":false},"excerpt":{"rendered":"<p>FUN\u00c7\u00d5ES: \u2022 Liga\u00e7\u00f5es Telef\u00f4nicas: O Champion Smartwatch te avisa quando estiver recebendo uma liga\u00e7\u00e3o e mostra no seu visor o n\u00famero de quem est\u00e1 ligando para voc\u00ea. \u2022 E-mail\/Redes Sociais: Receba notifica\u00e7\u00f5es de mensagens do seu e-mail, Facebook, Instagram, Twitter e WhatsApp diretamente no visor do seu Champion Smartwatch. \u2022 Marcador de Passos\/Ped\u00f4metro: Visualize e [&hellip;]<\/p>\n","protected":false},"featured_media":595,"comment_status":"open","ping_status":"closed","template":"","meta":[],"product_brand":[],"product_cat":[21,23],"product_tag":[],"class_list":{"0":"post-594","1":"product","2":"type-product","3":"status-publish","4":"has-post-thumbnail","6":"product_cat-relogio","7":"product_cat-smartwatch","9":"first","10":"instock","11":"shipping-taxable","12":"purchasable","13":"product-type-simple"},"_links":{"self":[{"href":"https:\/\/uzeidigital.com.br\/teste\/wp-json\/wp\/v2\/product\/594","targetHints":{"allow":["GET"]}}],"collection":[{"href":"https:\/\/uzeidigital.com.br\/teste\/wp-json\/wp\/v2\/product"}],"about":[{"href":"https:\/\/uzeidigital.com.br\/teste\/wp-json\/wp\/v2\/types\/product"}],"replies":[{"embeddable":true,"href":"https:\/\/uzeidigital.com.br\/teste\/wp-json\/wp\/v2\/comments?post=594"}],"wp:featuredmedia":[{"embeddable":true,"href":"https:\/\/uzeidigital.com.br\/teste\/wp-json\/wp\/v2\/media\/595"}],"wp:attachment":[{"href":"https:\/\/uzeidigital.com.br\/teste\/wp-json\/wp\/v2\/media?parent=594"}],"wp:term":[{"taxonomy":"product_brand","embeddable":true,"href":"https:\/\/uzeidigital.com.br\/teste\/wp-json\/wp\/v2\/product_brand?post=594"},{"taxonomy":"product_cat","embeddable":true,"href":"https:\/\/uzeidigital.com.br\/teste\/wp-json\/wp\/v2\/product_cat?post=594"},{"taxonomy":"product_tag","embeddable":true,"href":"https:\/\/uzeidigital.com.br\/teste\/wp-json\/wp\/v2\/product_tag?post=594"}],"curies":[{"name":"wp","href":"https:\/\/api.w.org\/{rel}","templated":true}]}}