{"id":603,"date":"2025-01-30T18:26:21","date_gmt":"2025-01-30T18:26:21","guid":{"rendered":"https:\/\/uzeidigital.com.br\/teste\/?post_type=product&#038;p=603"},"modified":"2025-02-01T13:46:38","modified_gmt":"2025-02-01T13:46:38","slug":"dispensador-de-oleo-para-cozinha","status":"publish","type":"product","link":"https:\/\/uzeidigital.com.br\/teste\/produto\/dispensador-de-oleo-para-cozinha\/","title":{"rendered":"Dispensador de \u00f3leo para cozinha"},"content":{"rendered":"<p>O spray pulverizador e borrifador para azeite ou vinagre \u00e9 essencial para a sua cozinha! Moderno e pr\u00e1tico para temperar suas saladas e preparar seus pratos favoritos, facilita o seu dia a dia e embeleza a sua cozinha! \u00c9 perfeito para dar aquele dourado \u00e0s suas receitas, controlar o consumo de gordura da fam\u00edlia e reduzir as calorias ingeridas! Combina com qualquer estilo de cozinha e fica \u00f3timo na mesa de jantar.<\/p>\n<p>Material: Vidro Capacidade: 100ml<br \/>\nTamanho: 18cm x 4cm Item incluso: &#8211; 01 Vidro spray pulverizador de 100ml<\/p>\n<p>\u201cA casa \u00e9 o ambiente mais importante da nossa vida e deve ser a imagem da nossa personalidade\u201d<\/p>\n","protected":false},"excerpt":{"rendered":"<p>O spray pulverizador e borrifador para azeite ou vinagre \u00e9 essencial para a sua cozinha! Moderno e pr\u00e1tico para temperar suas saladas e preparar seus pratos favoritos, facilita o seu dia a dia e embeleza a sua cozinha! \u00c9 perfeito para dar aquele dourado \u00e0s suas receitas, controlar o consumo de gordura da fam\u00edlia e [&hellip;]<\/p>\n","protected":false},"featured_media":604,"comment_status":"open","ping_status":"closed","template":"","meta":[],"product_brand":[],"product_cat":[16,38],"product_tag":[],"class_list":{"0":"post-603","1":"product","2":"type-product","3":"status-publish","4":"has-post-thumbnail","6":"product_cat-sem-categoria","7":"product_cat-casa","9":"first","10":"instock","11":"shipping-taxable","12":"purchasable","13":"product-type-simple"},"_links":{"self":[{"href":"https:\/\/uzeidigital.com.br\/teste\/wp-json\/wp\/v2\/product\/603","targetHints":{"allow":["GET"]}}],"collection":[{"href":"https:\/\/uzeidigital.com.br\/teste\/wp-json\/wp\/v2\/product"}],"about":[{"href":"https:\/\/uzeidigital.com.br\/teste\/wp-json\/wp\/v2\/types\/product"}],"replies":[{"embeddable":true,"href":"https:\/\/uzeidigital.com.br\/teste\/wp-json\/wp\/v2\/comments?post=603"}],"wp:featuredmedia":[{"embeddable":true,"href":"https:\/\/uzeidigital.com.br\/teste\/wp-json\/wp\/v2\/media\/604"}],"wp:attachment":[{"href":"https:\/\/uzeidigital.com.br\/teste\/wp-json\/wp\/v2\/media?parent=603"}],"wp:term":[{"taxonomy":"product_brand","embeddable":true,"href":"https:\/\/uzeidigital.com.br\/teste\/wp-json\/wp\/v2\/product_brand?post=603"},{"taxonomy":"product_cat","embeddable":true,"href":"https:\/\/uzeidigital.com.br\/teste\/wp-json\/wp\/v2\/product_cat?post=603"},{"taxonomy":"product_tag","embeddable":true,"href":"https:\/\/uzeidigital.com.br\/teste\/wp-json\/wp\/v2\/product_tag?post=603"}],"curies":[{"name":"wp","href":"https:\/\/api.w.org\/{rel}","templated":true}]}}