{"id":761,"date":"2025-02-01T14:04:52","date_gmt":"2025-02-01T14:04:52","guid":{"rendered":"https:\/\/uzeidigital.com.br\/teste\/?post_type=product&#038;p=761"},"modified":"2025-02-01T14:06:34","modified_gmt":"2025-02-01T14:06:34","slug":"ring-light-26cm","status":"publish","type":"product","link":"https:\/\/uzeidigital.com.br\/teste\/produto\/ring-light-26cm\/","title":{"rendered":"Ring Light 26cm"},"content":{"rendered":"<p>RING LIGHT 26cm<\/p>\n<p>Uma boa ilumina\u00e7\u00e3o \u00e9 indispens\u00e1vel. Torne a qualidade de seus projetos maior com luz cont\u00ednua Ring Light Led Iluminador 26cm.<\/p>\n<p>ESPECIFICA\u00c7\u00d5ES:<br \/>\n&#8211; Acompanha suporte para celular<br \/>\n&#8211; Luz: Quente, fria e mesclada<br \/>\n&#8211; Adequado para m\u00faltiplos suportes em uso coordenado<br \/>\n&#8211; UBS output tens\u00e3o: 5V \/ 2A<br \/>\n&#8211; L\u00e2mpadas de LED 120 PCS<br \/>\n&#8211; Brilho: 2850-6500k ajust\u00e1vel<br \/>\n&#8211; Composi\u00e7\u00e3o: ABS \/ Anel de luz LED<br \/>\n&#8211; Di\u00e2metro: 26cm<\/p>\n<p>EMBALAGEM<br \/>\n&#8211; 1 Ring Light<br \/>\n&#8211; 1 Trip\u00e9 de mesa aprox. 18cm<br \/>\n&#8211; 1 Suporte de celular<br \/>\n&#8211; 1 Encaixe articulado<\/p>\n","protected":false},"excerpt":{"rendered":"<p>RING LIGHT 26cm Uma boa ilumina\u00e7\u00e3o \u00e9 indispens\u00e1vel. Torne a qualidade de seus projetos maior com luz cont\u00ednua Ring Light Led Iluminador 26cm. ESPECIFICA\u00c7\u00d5ES: &#8211; Acompanha suporte para celular &#8211; Luz: Quente, fria e mesclada &#8211; Adequado para m\u00faltiplos suportes em uso coordenado &#8211; UBS output tens\u00e3o: 5V \/ 2A &#8211; L\u00e2mpadas de LED 120 [&hellip;]<\/p>\n","protected":false},"featured_media":762,"comment_status":"open","ping_status":"closed","template":"","meta":[],"product_brand":[],"product_cat":[16,26,24],"product_tag":[],"class_list":{"0":"post-761","1":"product","2":"type-product","3":"status-publish","4":"has-post-thumbnail","6":"product_cat-sem-categoria","7":"product_cat-luzes","8":"product_cat-ring-ligth","10":"first","11":"instock","12":"shipping-taxable","13":"purchasable","14":"product-type-simple"},"_links":{"self":[{"href":"https:\/\/uzeidigital.com.br\/teste\/wp-json\/wp\/v2\/product\/761","targetHints":{"allow":["GET"]}}],"collection":[{"href":"https:\/\/uzeidigital.com.br\/teste\/wp-json\/wp\/v2\/product"}],"about":[{"href":"https:\/\/uzeidigital.com.br\/teste\/wp-json\/wp\/v2\/types\/product"}],"replies":[{"embeddable":true,"href":"https:\/\/uzeidigital.com.br\/teste\/wp-json\/wp\/v2\/comments?post=761"}],"wp:featuredmedia":[{"embeddable":true,"href":"https:\/\/uzeidigital.com.br\/teste\/wp-json\/wp\/v2\/media\/762"}],"wp:attachment":[{"href":"https:\/\/uzeidigital.com.br\/teste\/wp-json\/wp\/v2\/media?parent=761"}],"wp:term":[{"taxonomy":"product_brand","embeddable":true,"href":"https:\/\/uzeidigital.com.br\/teste\/wp-json\/wp\/v2\/product_brand?post=761"},{"taxonomy":"product_cat","embeddable":true,"href":"https:\/\/uzeidigital.com.br\/teste\/wp-json\/wp\/v2\/product_cat?post=761"},{"taxonomy":"product_tag","embeddable":true,"href":"https:\/\/uzeidigital.com.br\/teste\/wp-json\/wp\/v2\/product_tag?post=761"}],"curies":[{"name":"wp","href":"https:\/\/api.w.org\/{rel}","templated":true}]}}