{"id":763,"date":"2025-02-01T14:05:30","date_gmt":"2025-02-01T14:05:30","guid":{"rendered":"https:\/\/uzeidigital.com.br\/teste\/?post_type=product&#038;p=763"},"modified":"2025-02-01T14:08:18","modified_gmt":"2025-02-01T14:08:18","slug":"763","status":"publish","type":"product","link":"https:\/\/uzeidigital.com.br\/teste\/produto\/763\/","title":{"rendered":"Ring Light Iluminador Led 26cm 10 Polegadas 1,5m"},"content":{"rendered":"<p>Uma boa ilumina\u00e7\u00e3o \u00e9 indispens\u00e1vel. Torne a qualidade de seus projetos maior com luz cont\u00ednua Ring Fill Light Ring Fill Light.<\/p>\n<p>Ilumine com estilo<\/p>\n<p>Potencialize os seus projetos audiovisuais<br \/>\nCom uma pot\u00eancia de 25 W voc\u00ea poder\u00e1 melhorar a qualidade da imagem e obter a ilumina\u00e7\u00e3o ideal para qualquer foto.<br \/>\nAjuste a pot\u00eancia da ilumina\u00e7\u00e3o<br \/>\nAgora \u00e9 poss\u00edvel ajustar a pot\u00eancia da ilumina\u00e7\u00e3o de sua Ring Fill Light Ring Fill Light. Com seu dimmer voc\u00ea ser\u00e1 capaz de aproveitar ao m\u00e1ximo os n\u00edveis de energia para diminuir ou aumentar a luz emitida pelo seu anel de luz.<\/p>\n","protected":false},"excerpt":{"rendered":"<p>Uma boa ilumina\u00e7\u00e3o \u00e9 indispens\u00e1vel. Torne a qualidade de seus projetos maior com luz cont\u00ednua Ring Fill Light Ring Fill Light. Ilumine com estilo Potencialize os seus projetos audiovisuais Com uma pot\u00eancia de 25 W voc\u00ea poder\u00e1 melhorar a qualidade da imagem e obter a ilumina\u00e7\u00e3o ideal para qualquer foto. Ajuste a pot\u00eancia da ilumina\u00e7\u00e3o [&hellip;]<\/p>\n","protected":false},"featured_media":765,"comment_status":"open","ping_status":"closed","template":"","meta":[],"product_brand":[],"product_cat":[16,26,24],"product_tag":[],"class_list":{"0":"post-763","1":"product","2":"type-product","3":"status-publish","4":"has-post-thumbnail","6":"product_cat-sem-categoria","7":"product_cat-luzes","8":"product_cat-ring-ligth","10":"first","11":"instock","12":"shipping-taxable","13":"purchasable","14":"product-type-simple"},"_links":{"self":[{"href":"https:\/\/uzeidigital.com.br\/teste\/wp-json\/wp\/v2\/product\/763","targetHints":{"allow":["GET"]}}],"collection":[{"href":"https:\/\/uzeidigital.com.br\/teste\/wp-json\/wp\/v2\/product"}],"about":[{"href":"https:\/\/uzeidigital.com.br\/teste\/wp-json\/wp\/v2\/types\/product"}],"replies":[{"embeddable":true,"href":"https:\/\/uzeidigital.com.br\/teste\/wp-json\/wp\/v2\/comments?post=763"}],"wp:featuredmedia":[{"embeddable":true,"href":"https:\/\/uzeidigital.com.br\/teste\/wp-json\/wp\/v2\/media\/765"}],"wp:attachment":[{"href":"https:\/\/uzeidigital.com.br\/teste\/wp-json\/wp\/v2\/media?parent=763"}],"wp:term":[{"taxonomy":"product_brand","embeddable":true,"href":"https:\/\/uzeidigital.com.br\/teste\/wp-json\/wp\/v2\/product_brand?post=763"},{"taxonomy":"product_cat","embeddable":true,"href":"https:\/\/uzeidigital.com.br\/teste\/wp-json\/wp\/v2\/product_cat?post=763"},{"taxonomy":"product_tag","embeddable":true,"href":"https:\/\/uzeidigital.com.br\/teste\/wp-json\/wp\/v2\/product_tag?post=763"}],"curies":[{"name":"wp","href":"https:\/\/api.w.org\/{rel}","templated":true}]}}