{"id":772,"date":"2025-02-01T14:14:33","date_gmt":"2025-02-01T14:14:33","guid":{"rendered":"https:\/\/uzeidigital.com.br\/teste\/?post_type=product&#038;p=772"},"modified":"2025-02-01T14:14:46","modified_gmt":"2025-02-01T14:14:46","slug":"headset-bluetooth-modo-de-alto-falante-giratorio-180","status":"publish","type":"product","link":"https:\/\/uzeidigital.com.br\/teste\/produto\/headset-bluetooth-modo-de-alto-falante-giratorio-180\/","title":{"rendered":"Headset Bluetooth Modo De Alto-falante Girat\u00f3rio 180\u00b0"},"content":{"rendered":"<p>Fones de ouvido est\u00e9reo: Fones de ouvido est\u00e9reo HD, fones de ouvido est\u00e9reo de alta defini\u00e7\u00e3o, s\u00e3o projetados para fornecer qualidade de som superior, graves profundos de alta fidelidade e agudos cristalinos, resposta de graves profunda e precisa e faixa de frequ\u00eancia estendida. Mergulhe na m\u00fasica envolvente, mesmo no n\u00edvel de volume mais baixo. Esses fones de ouvido Bluetooth s\u00e3o definitivamente um \u00f3timo presente de anivers\u00e1rio ou de Natal para fam\u00edlia e amigos!<\/p>\n<p>Fones de ouvido com conforto incompar\u00e1vel: os fones de ouvido s\u00e3o feitos de espuma de prote\u00edna viscoel\u00e1stica mais macia para conforto durante todo o dia. A faixa de cabe\u00e7a ajust\u00e1vel e os fones de ouvido flex\u00edveis adaptam-se facilmente a qualquer formato de cabe\u00e7a sem pressionar os ouvidos. O design dobr\u00e1vel, leve e de 270g o torna a melhor escolha para estudantes universit\u00e1rios em viagens, exerc\u00edcios e uso di\u00e1rio.<\/p>\n","protected":false},"excerpt":{"rendered":"<p>Fones de ouvido est\u00e9reo: Fones de ouvido est\u00e9reo HD, fones de ouvido est\u00e9reo de alta defini\u00e7\u00e3o, s\u00e3o projetados para fornecer qualidade de som superior, graves profundos de alta fidelidade e agudos cristalinos, resposta de graves profunda e precisa e faixa de frequ\u00eancia estendida. Mergulhe na m\u00fasica envolvente, mesmo no n\u00edvel de volume mais baixo. Esses [&hellip;]<\/p>\n","protected":false},"featured_media":773,"comment_status":"open","ping_status":"closed","template":"","meta":[],"product_brand":[],"product_cat":[16,32],"product_tag":[],"class_list":{"0":"post-772","1":"product","2":"type-product","3":"status-publish","4":"has-post-thumbnail","6":"product_cat-sem-categoria","7":"product_cat-headset","9":"first","10":"instock","11":"shipping-taxable","12":"purchasable","13":"product-type-simple"},"_links":{"self":[{"href":"https:\/\/uzeidigital.com.br\/teste\/wp-json\/wp\/v2\/product\/772","targetHints":{"allow":["GET"]}}],"collection":[{"href":"https:\/\/uzeidigital.com.br\/teste\/wp-json\/wp\/v2\/product"}],"about":[{"href":"https:\/\/uzeidigital.com.br\/teste\/wp-json\/wp\/v2\/types\/product"}],"replies":[{"embeddable":true,"href":"https:\/\/uzeidigital.com.br\/teste\/wp-json\/wp\/v2\/comments?post=772"}],"wp:featuredmedia":[{"embeddable":true,"href":"https:\/\/uzeidigital.com.br\/teste\/wp-json\/wp\/v2\/media\/773"}],"wp:attachment":[{"href":"https:\/\/uzeidigital.com.br\/teste\/wp-json\/wp\/v2\/media?parent=772"}],"wp:term":[{"taxonomy":"product_brand","embeddable":true,"href":"https:\/\/uzeidigital.com.br\/teste\/wp-json\/wp\/v2\/product_brand?post=772"},{"taxonomy":"product_cat","embeddable":true,"href":"https:\/\/uzeidigital.com.br\/teste\/wp-json\/wp\/v2\/product_cat?post=772"},{"taxonomy":"product_tag","embeddable":true,"href":"https:\/\/uzeidigital.com.br\/teste\/wp-json\/wp\/v2\/product_tag?post=772"}],"curies":[{"name":"wp","href":"https:\/\/api.w.org\/{rel}","templated":true}]}}