{"id":776,"date":"2025-02-01T14:16:31","date_gmt":"2025-02-01T14:16:31","guid":{"rendered":"https:\/\/uzeidigital.com.br\/teste\/?post_type=product&#038;p=776"},"modified":"2025-02-01T14:16:32","modified_gmt":"2025-02-01T14:16:32","slug":"microfone-sem-fio-wireless-profissional-tomate-mt-2301","status":"publish","type":"product","link":"https:\/\/uzeidigital.com.br\/teste\/produto\/microfone-sem-fio-wireless-profissional-tomate-mt-2301\/","title":{"rendered":"Microfone Sem Fio Wireless Profissional Tomate Mt-2301"},"content":{"rendered":"<p>Com os microfones da Tomate voc\u00ea vai descobrir uma nova maneira de capturar e transmitir \u00e1udios.<\/p>\n<p>Reflex\u00e3o fiel da realidade<br \/>\nProjetado para amortecer os choques e ru\u00eddos de manipula\u00e7\u00e3o. Totalmente din\u00e2mico, basta conect\u00e1-lo e come\u00e7ar a gravar.<\/p>\n<p>Um formato que combina com voc\u00ea<br \/>\nSeu dinamismo o torna ideal para vocalistas e instrumentos. \u00c9 leve e se encaixa em todos os tipos de p\u00e9s ou suportes. Sem necessidade de fonte de alimenta\u00e7\u00e3o, ele lhe oferecer\u00e1 um alto grau de autonomia para usos externos e tamb\u00e9m internos.<\/p>\n<p>Design eficaz<br \/>\nSeu padr\u00e3o polar omnidirecional oferece uma resposta de sensibilidade constante gra\u00e7as ao seu \u00e2ngulo de cobertura de 360\u00b0. Voc\u00ea vai poder perceber os sons em todas as dire\u00e7\u00f5es!<\/p>\n","protected":false},"excerpt":{"rendered":"<p>Com os microfones da Tomate voc\u00ea vai descobrir uma nova maneira de capturar e transmitir \u00e1udios. Reflex\u00e3o fiel da realidade Projetado para amortecer os choques e ru\u00eddos de manipula\u00e7\u00e3o. Totalmente din\u00e2mico, basta conect\u00e1-lo e come\u00e7ar a gravar. Um formato que combina com voc\u00ea Seu dinamismo o torna ideal para vocalistas e instrumentos. \u00c9 leve e [&hellip;]<\/p>\n","protected":false},"featured_media":777,"comment_status":"open","ping_status":"closed","template":"","meta":[],"product_brand":[],"product_cat":[34],"product_tag":[],"class_list":{"0":"post-776","1":"product","2":"type-product","3":"status-publish","4":"has-post-thumbnail","6":"product_cat-microfone","8":"first","9":"instock","10":"shipping-taxable","11":"purchasable","12":"product-type-simple"},"_links":{"self":[{"href":"https:\/\/uzeidigital.com.br\/teste\/wp-json\/wp\/v2\/product\/776","targetHints":{"allow":["GET"]}}],"collection":[{"href":"https:\/\/uzeidigital.com.br\/teste\/wp-json\/wp\/v2\/product"}],"about":[{"href":"https:\/\/uzeidigital.com.br\/teste\/wp-json\/wp\/v2\/types\/product"}],"replies":[{"embeddable":true,"href":"https:\/\/uzeidigital.com.br\/teste\/wp-json\/wp\/v2\/comments?post=776"}],"wp:featuredmedia":[{"embeddable":true,"href":"https:\/\/uzeidigital.com.br\/teste\/wp-json\/wp\/v2\/media\/777"}],"wp:attachment":[{"href":"https:\/\/uzeidigital.com.br\/teste\/wp-json\/wp\/v2\/media?parent=776"}],"wp:term":[{"taxonomy":"product_brand","embeddable":true,"href":"https:\/\/uzeidigital.com.br\/teste\/wp-json\/wp\/v2\/product_brand?post=776"},{"taxonomy":"product_cat","embeddable":true,"href":"https:\/\/uzeidigital.com.br\/teste\/wp-json\/wp\/v2\/product_cat?post=776"},{"taxonomy":"product_tag","embeddable":true,"href":"https:\/\/uzeidigital.com.br\/teste\/wp-json\/wp\/v2\/product_tag?post=776"}],"curies":[{"name":"wp","href":"https:\/\/api.w.org\/{rel}","templated":true}]}}